{"id":28261,"date":"2023-04-25T16:48:39","date_gmt":"2023-04-25T14:48:39","guid":{"rendered":"https:\/\/mbf-evenementiel.fr\/contact\/"},"modified":"2025-07-08T13:32:44","modified_gmt":"2025-07-08T11:32:44","slug":"contact","status":"publish","type":"page","link":"https:\/\/mbf-evenementiel.fr\/en\/contact\/","title":{"rendered":"Contact"},"content":{"rendered":"\t\t<div data-elementor-type=\"wp-page\" data-elementor-id=\"28261\" class=\"elementor elementor-28261 elementor-26150\" data-elementor-post-type=\"page\">\n\t\t\t\t\t\t<section class=\"elementor-section elementor-top-section elementor-element elementor-element-d541e3e scheme_default elementor-section-full_width elementor-section-height-min-height no-padding elementor-section-height-default elementor-section-items-middle sc_fly_static\" data-id=\"d541e3e\" data-element_type=\"section\" id=\"contact-intro\" data-settings=\"{&quot;background_background&quot;:&quot;classic&quot;}\">\n\t\t\t\t\t\t<div class=\"elementor-container elementor-column-gap-no\">\n\t\t\t\t\t<div class=\"elementor-column elementor-col-100 elementor-top-column elementor-element elementor-element-f663488 sc_inner_width_none sc_content_align_inherit sc_layouts_column_icons_position_left sc_fly_static\" data-id=\"f663488\" data-element_type=\"column\">\n\t\t\t<div class=\"elementor-widget-wrap elementor-element-populated\">\n\t\t\t\t\t\t<section class=\"elementor-section elementor-inner-section elementor-element elementor-element-e567ca3 elementor-section-boxed elementor-section-height-default elementor-section-height-default sc_fly_static\" data-id=\"e567ca3\" data-element_type=\"section\">\n\t\t\t\t\t\t<div class=\"elementor-container elementor-column-gap-no\">\n\t\t\t\t\t<div class=\"elementor-column elementor-col-33 elementor-inner-column elementor-element elementor-element-7b9fe01 sc_inner_width_none sc_content_align_inherit sc_layouts_column_icons_position_left sc_fly_static\" data-id=\"7b9fe01\" data-element_type=\"column\">\n\t\t\t<div class=\"elementor-widget-wrap\">\n\t\t\t\t\t\t\t<\/div>\n\t\t<\/div>\n\t\t\t\t<div class=\"elementor-column elementor-col-33 elementor-inner-column elementor-element elementor-element-f7916c5 sc_content_align_center sc_layouts_column_align_center sc_layouts_column sc_inner_width_none sc_layouts_column_icons_position_left sc_fly_static\" data-id=\"f7916c5\" data-element_type=\"column\">\n\t\t\t<div class=\"elementor-widget-wrap elementor-element-populated\">\n\t\t\t\t\t\t<div class=\"elementor-element elementor-element-26a8f36 sc_fly_static elementor-widget elementor-widget-image\" data-id=\"26a8f36\" data-element_type=\"widget\" data-widget_type=\"image.default\">\n\t\t\t\t<div class=\"elementor-widget-container\">\n\t\t\t\t\t\t\t\t\t\t\t\t\t<img fetchpriority=\"high\" decoding=\"async\" width=\"407\" height=\"162\" src=\"https:\/\/mbf-evenementiel.fr\/wp-content\/uploads\/2025\/03\/vto-evenementiel-logo.png\" class=\"attachment-full size-full wp-image-28935\" alt=\"\" srcset=\"https:\/\/mbf-evenementiel.fr\/wp-content\/uploads\/2025\/03\/vto-evenementiel-logo.png 407w, https:\/\/mbf-evenementiel.fr\/wp-content\/uploads\/2025\/03\/vto-evenementiel-logo-300x119.png 300w, https:\/\/mbf-evenementiel.fr\/wp-content\/uploads\/2025\/03\/vto-evenementiel-logo-370x147.png 370w\" sizes=\"(max-width: 600px) 100vw, 407px\" \/>\t\t\t\t\t\t\t\t\t\t\t\t\t<\/div>\n\t\t\t\t<\/div>\n\t\t\t\t\t<\/div>\n\t\t<\/div>\n\t\t\t\t<div class=\"elementor-column elementor-col-33 elementor-inner-column elementor-element elementor-element-fd107a6 sc_inner_width_none sc_content_align_inherit sc_layouts_column_icons_position_left sc_fly_static\" data-id=\"fd107a6\" data-element_type=\"column\">\n\t\t\t<div class=\"elementor-widget-wrap elementor-element-populated\">\n\t\t\t\t\t\t<div class=\"elementor-element elementor-element-19568a8 sc_fly_static elementor-widget elementor-widget-trx_sc_contact_form_7\" data-id=\"19568a8\" data-element_type=\"widget\" data-widget_type=\"trx_sc_contact_form_7.default\">\n\t\t\t\t<div class=\"elementor-widget-container\">\n\t\t\t\n<div class=\"wpcf7 no-js\" id=\"wpcf7-f28805-o1\" lang=\"en-US\" dir=\"ltr\" data-wpcf7-id=\"28805\">\n<div class=\"screen-reader-response\"><p role=\"status\" aria-live=\"polite\" aria-atomic=\"true\"><\/p> <ul><\/ul><\/div>\n<form action=\"\/en\/wp-json\/wp\/v2\/pages\/28261#wpcf7-f28805-o1\" method=\"post\" class=\"wpcf7-form init\" aria-label=\"Contact form\" novalidate=\"novalidate\" data-status=\"init\">\n<fieldset class=\"hidden-fields-container\"><input type=\"hidden\" name=\"_wpcf7\" value=\"28805\" \/><input type=\"hidden\" name=\"_wpcf7_version\" value=\"6.1.5\" \/><input type=\"hidden\" name=\"_wpcf7_locale\" value=\"en_US\" \/><input type=\"hidden\" name=\"_wpcf7_unit_tag\" value=\"wpcf7-f28805-o1\" \/><input type=\"hidden\" name=\"_wpcf7_container_post\" value=\"0\" \/><input type=\"hidden\" name=\"_wpcf7_posted_data_hash\" value=\"\" \/><input type=\"hidden\" name=\"_wpcf7_recaptcha_response\" value=\"\" \/>\n<\/fieldset>\n<div class=\"form-style-3\">\n\t<div class=\"columns_wrap\">\n\t\t<div class=\"column-1_2\">\n\t\t\t<p><span class=\"style-line\"><span class=\"wpcf7-form-control-wrap\" data-name=\"entreprise\"><input size=\"40\" maxlength=\"400\" class=\"wpcf7-form-control wpcf7-text wpcf7-validates-as-required\" aria-required=\"true\" aria-invalid=\"false\" placeholder=\"Company\" value=\"\" type=\"text\" name=\"entreprise\" \/><\/span><\/span>\n\t\t\t<\/p>\n\t\t<\/div>\n\t\t<div class=\"column-1_2\">\n\t\t\t<p><span class=\"style-line\"><span class=\"wpcf7-form-control-wrap\" data-name=\"nom\"><input size=\"40\" maxlength=\"400\" class=\"wpcf7-form-control wpcf7-text wpcf7-validates-as-required\" aria-required=\"true\" aria-invalid=\"false\" placeholder=\"Name\" value=\"\" type=\"text\" name=\"nom\" \/><\/span><\/span>\n\t\t\t<\/p>\n\t\t<\/div>\n\t<\/div>\n\t<div class=\"columns_wrap\">\n\t\t<div class=\"column-1_2\">\n\t\t\t<p><span class=\"style-line\"><span class=\"wpcf7-form-control-wrap\" data-name=\"your-email\"><input size=\"40\" maxlength=\"400\" class=\"wpcf7-form-control wpcf7-email wpcf7-validates-as-required wpcf7-text wpcf7-validates-as-email\" aria-required=\"true\" aria-invalid=\"false\" placeholder=\"Email\" value=\"\" type=\"email\" name=\"your-email\" \/><\/span><\/span>\n\t\t\t<\/p>\n\t\t<\/div>\n\t\t<div class=\"column-1_2\">\n\t\t\t<p><span class=\"style-line\"><span class=\"wpcf7-form-control-wrap\" data-name=\"phone\"><input size=\"40\" maxlength=\"400\" class=\"wpcf7-form-control wpcf7-tel wpcf7-validates-as-required wpcf7-text wpcf7-validates-as-tel\" aria-required=\"true\" aria-invalid=\"false\" placeholder=\"Phone\" value=\"\" type=\"tel\" name=\"phone\" \/><\/span><\/span>\n\t\t\t<\/p>\n\t\t<\/div>\n\t<\/div>\n\t<div class=\"columns_wrap margin-bottom\">\n\t\t<div class=\"column-1_1\">\n\t\t\t<p><span class=\"style-line\"><span class=\"wpcf7-form-control-wrap\" data-name=\"message\"><textarea cols=\"40\" rows=\"10\" maxlength=\"2000\" class=\"wpcf7-form-control wpcf7-textarea wpcf7-validates-as-required\" aria-required=\"true\" aria-invalid=\"false\" placeholder=\"Message\" name=\"message\"><\/textarea><\/span><\/span>\n\t\t\t<\/p>\n\t\t<\/div>\n\t<\/div>\n\t<p><input class=\"wpcf7-form-control wpcf7-submit has-spinner\" type=\"submit\" value=\"Send\" \/><span class=\"wpcf7-form-control-wrap\" data-name=\"acceptance\"><span class=\"wpcf7-form-control wpcf7-acceptance\"><span class=\"wpcf7-list-item\"><label><input type=\"checkbox\" name=\"acceptance\" value=\"1\" aria-invalid=\"false\" \/><span class=\"wpcf7-list-item-label\">I agree that my submitted data will be collected and stored.<\/span><\/label><\/span><\/span><\/span>\n\t<\/p>\n<\/div><div class=\"wpcf7-response-output\" aria-hidden=\"true\"><\/div>\n<\/form>\n<\/div>\n\t\t<\/div>\n\t\t\t\t<\/div>\n\t\t\t\t\t<\/div>\n\t\t<\/div>\n\t\t\t\t\t<\/div>\n\t\t<\/section>\n\t\t\t\t\t<\/div>\n\t\t<\/div>\n\t\t\t\t\t<\/div>\n\t\t<\/section>\n\t\t\t\t<section class=\"elementor-section elementor-top-section elementor-element elementor-element-616491d elementor-section-boxed elementor-section-height-default elementor-section-height-default sc_fly_static\" data-id=\"616491d\" data-element_type=\"section\" id=\"contact-content\">\n\t\t\t\t\t\t<div class=\"elementor-container elementor-column-gap-extended\">\n\t\t\t\t\t<div class=\"elementor-column elementor-col-50 elementor-top-column elementor-element elementor-element-8bc4ec3 sc_inner_width_none sc_content_align_inherit sc_layouts_column_icons_position_left sc_fly_static\" data-id=\"8bc4ec3\" data-element_type=\"column\">\n\t\t\t<div class=\"elementor-widget-wrap elementor-element-populated\">\n\t\t\t\t\t\t<div class=\"elementor-element elementor-element-31c1a74 sc_fly_static elementor-widget elementor-widget-trx_sc_title\" data-id=\"31c1a74\" data-element_type=\"widget\" data-widget_type=\"trx_sc_title.default\">\n\t\t\t\t<div class=\"elementor-widget-container\">\n\t\t\t<div\t\tclass=\"sc_title sc_title_default\" ><h1 class=\"sc_item_title sc_title_title sc_item_title_style_default sc_item_title_tag\"\n\t\t\t><span class=\"sc_item_title_text\">Contact<\/span><\/h1><div class=\"sc_item_descr sc_title_descr\"><p>A project ?<br \/>\nStay in touch<\/p>\n<\/div><\/div>\t\t<\/div>\n\t\t\t\t<\/div>\n\t\t\t\t\t<\/div>\n\t\t<\/div>\n\t\t\t\t<div class=\"elementor-column elementor-col-50 elementor-top-column elementor-element elementor-element-5702cd0 sc_inner_width_none sc_content_align_inherit sc_layouts_column_icons_position_left sc_fly_static\" data-id=\"5702cd0\" data-element_type=\"column\">\n\t\t\t<div class=\"elementor-widget-wrap elementor-element-populated\">\n\t\t\t\t\t\t<section class=\"elementor-section elementor-inner-section elementor-element elementor-element-a02a6b0 elementor-section-boxed elementor-section-height-default elementor-section-height-default sc_fly_static\" data-id=\"a02a6b0\" data-element_type=\"section\">\n\t\t\t\t\t\t<div class=\"elementor-container elementor-column-gap-extended\">\n\t\t\t\t\t<div class=\"elementor-column elementor-col-50 elementor-inner-column elementor-element elementor-element-9412982 sc_inner_width_none sc_content_align_inherit sc_layouts_column_icons_position_left sc_fly_static\" data-id=\"9412982\" data-element_type=\"column\" id=\"contact-adress\">\n\t\t\t<div class=\"elementor-widget-wrap elementor-element-populated\">\n\t\t\t\t\t\t<div class=\"elementor-element elementor-element-1a11e1f sc_fly_static elementor-widget elementor-widget-text-editor\" data-id=\"1a11e1f\" data-element_type=\"widget\" data-widget_type=\"text-editor.default\">\n\t\t\t\t<div class=\"elementor-widget-container\">\n\t\t\t\t\t\t\t<h2>Join us<\/h2><p>VTO Ev\u00e8nementiel<br \/>410 Rue de la Ferronnerie<br \/>12000 Rodez<\/p>\t\t\t\t\t\t<\/div>\n\t\t\t\t<\/div>\n\t\t\t\t\t<\/div>\n\t\t<\/div>\n\t\t\t\t<div class=\"elementor-column elementor-col-50 elementor-inner-column elementor-element elementor-element-0bca575 sc_inner_width_none sc_content_align_inherit sc_layouts_column_icons_position_left sc_fly_static\" data-id=\"0bca575\" data-element_type=\"column\">\n\t\t\t<div class=\"elementor-widget-wrap elementor-element-populated\">\n\t\t\t\t\t\t<div class=\"elementor-element elementor-element-f5a1d58 sc_fly_static elementor-widget elementor-widget-text-editor\" data-id=\"f5a1d58\" data-element_type=\"widget\" data-widget_type=\"text-editor.default\">\n\t\t\t\t<div class=\"elementor-widget-container\">\n\t\t\t\t\t\t\t<h2>Contact us<\/h2><p>Tel. 05 65 77 96 06<\/p>\t\t\t\t\t\t<\/div>\n\t\t\t\t<\/div>\n\t\t\t\t\t<\/div>\n\t\t<\/div>\n\t\t\t\t\t<\/div>\n\t\t<\/section>\n\t\t\t\t\t<\/div>\n\t\t<\/div>\n\t\t\t\t\t<\/div>\n\t\t<\/section>\n\t\t\t\t<section class=\"elementor-section elementor-top-section elementor-element elementor-element-7ecc106 elementor-section-full_width elementor-section-height-default elementor-section-height-default sc_fly_static\" data-id=\"7ecc106\" data-element_type=\"section\">\n\t\t\t\t\t\t<div class=\"elementor-container elementor-column-gap-extended\">\n\t\t\t\t\t<div class=\"elementor-column elementor-col-100 elementor-top-column elementor-element elementor-element-07ffac7 sc_inner_width_none sc_content_align_inherit sc_layouts_column_icons_position_left sc_fly_static\" data-id=\"07ffac7\" data-element_type=\"column\">\n\t\t\t<div class=\"elementor-widget-wrap elementor-element-populated\">\n\t\t\t\t\t\t<div class=\"elementor-element elementor-element-ad863e7 sc_fly_static elementor-widget elementor-widget-google_maps\" data-id=\"ad863e7\" data-element_type=\"widget\" data-widget_type=\"google_maps.default\">\n\t\t\t\t<div class=\"elementor-widget-container\">\n\t\t\t\t\t<div class=\"elementor-custom-embed\">\n\t\t\t<iframe loading=\"lazy\"\n\t\t\t\t\tsrc=\"https:\/\/maps.google.com\/maps?q=27%20Av.%20de%20Vabre%2C%2012000%20Rodez&#038;t=m&#038;z=13&#038;output=embed&#038;iwloc=near\"\n\t\t\t\t\ttitle=\"27 Av. de Vabre, 12000 Rodez\"\n\t\t\t\t\taria-label=\"27 Av. de Vabre, 12000 Rodez\"\n\t\t\t><\/iframe>\n\t\t<\/div>\n\t\t\t\t<\/div>\n\t\t\t\t<\/div>\n\t\t\t\t\t<\/div>\n\t\t<\/div>\n\t\t\t\t\t<\/div>\n\t\t<\/section>\n\t\t\t\t<\/div>\n\t\t","protected":false},"excerpt":{"rendered":"<p>J&#8217;accepte que mes donn\u00e9es soumises soient collect\u00e9es et stock\u00e9es. Contact A project ? Stay in touch Join us VTO Ev\u00e8nementiel410 Rue de la Ferronnerie12000 Rodez Contact us Tel. 05 65&hellip;<\/p>\n","protected":false},"author":2,"featured_media":0,"parent":0,"menu_order":0,"comment_status":"closed","ping_status":"closed","template":"","meta":{"footnotes":""},"class_list":["post-28261","page","type-page","status-publish","hentry"],"yoast_head":"<!-- This site is optimized with the Yoast SEO plugin v27.3 - https:\/\/yoast.com\/product\/yoast-seo-wordpress\/ -->\n<title>Contact - VTO<\/title>\n<meta name=\"description\" content=\"For all your requests and questions, do not hesitate to fill out this simple form. We will reply as soon as possible.\" \/>\n<meta name=\"robots\" content=\"index, follow, max-snippet:-1, max-image-preview:large, max-video-preview:-1\" \/>\n<link rel=\"canonical\" href=\"https:\/\/mbf-evenementiel.fr\/en\/contact\/\" \/>\n<meta property=\"og:locale\" content=\"en_US\" \/>\n<meta property=\"og:type\" content=\"article\" \/>\n<meta property=\"og:title\" content=\"Contact - VTO\" \/>\n<meta property=\"og:description\" content=\"For all your requests and questions, do not hesitate to fill out this simple form. We will reply as soon as possible.\" \/>\n<meta property=\"og:url\" content=\"https:\/\/mbf-evenementiel.fr\/en\/contact\/\" \/>\n<meta property=\"og:site_name\" content=\"VTO\" \/>\n<meta property=\"article:publisher\" content=\"https:\/\/www.facebook.com\/mbf.evenementiel\/\" \/>\n<meta property=\"article:modified_time\" content=\"2025-07-08T11:32:44+00:00\" \/>\n<meta property=\"og:image\" content=\"https:\/\/mbf-evenementiel.fr\/wp-content\/uploads\/2025\/03\/vto-evenementiel-logo.png\" \/>\n\t<meta property=\"og:image:width\" content=\"407\" \/>\n\t<meta property=\"og:image:height\" content=\"162\" \/>\n\t<meta property=\"og:image:type\" content=\"image\/png\" \/>\n<meta name=\"twitter:card\" content=\"summary_large_image\" \/>\n<meta name=\"twitter:label1\" content=\"Est. reading time\" \/>\n\t<meta name=\"twitter:data1\" content=\"1 minute\" \/>\n<script type=\"application\/ld+json\" class=\"yoast-schema-graph\">{\"@context\":\"https:\\\/\\\/schema.org\",\"@graph\":[{\"@type\":\"WebPage\",\"@id\":\"https:\\\/\\\/mbf-evenementiel.fr\\\/en\\\/contact\\\/\",\"url\":\"https:\\\/\\\/mbf-evenementiel.fr\\\/en\\\/contact\\\/\",\"name\":\"Contact - VTO\",\"isPartOf\":{\"@id\":\"https:\\\/\\\/mbf-evenementiel.fr\\\/#website\"},\"primaryImageOfPage\":{\"@id\":\"https:\\\/\\\/mbf-evenementiel.fr\\\/en\\\/contact\\\/#primaryimage\"},\"image\":{\"@id\":\"https:\\\/\\\/mbf-evenementiel.fr\\\/en\\\/contact\\\/#primaryimage\"},\"thumbnailUrl\":\"https:\\\/\\\/mbf-evenementiel.fr\\\/wp-content\\\/uploads\\\/2025\\\/03\\\/vto-evenementiel-logo.png\",\"datePublished\":\"2023-04-25T14:48:39+00:00\",\"dateModified\":\"2025-07-08T11:32:44+00:00\",\"description\":\"For all your requests and questions, do not hesitate to fill out this simple form. We will reply as soon as possible.\",\"inLanguage\":\"en-US\",\"potentialAction\":[{\"@type\":\"ReadAction\",\"target\":[\"https:\\\/\\\/mbf-evenementiel.fr\\\/en\\\/contact\\\/\"]}]},{\"@type\":\"ImageObject\",\"inLanguage\":\"en-US\",\"@id\":\"https:\\\/\\\/mbf-evenementiel.fr\\\/en\\\/contact\\\/#primaryimage\",\"url\":\"https:\\\/\\\/mbf-evenementiel.fr\\\/wp-content\\\/uploads\\\/2025\\\/03\\\/vto-evenementiel-logo.png\",\"contentUrl\":\"https:\\\/\\\/mbf-evenementiel.fr\\\/wp-content\\\/uploads\\\/2025\\\/03\\\/vto-evenementiel-logo.png\"},{\"@type\":\"WebSite\",\"@id\":\"https:\\\/\\\/mbf-evenementiel.fr\\\/#website\",\"url\":\"https:\\\/\\\/mbf-evenementiel.fr\\\/\",\"name\":\"VTO\",\"description\":\"Agence \u00e9v\u00e8nementiel\",\"publisher\":{\"@id\":\"https:\\\/\\\/mbf-evenementiel.fr\\\/#organization\"},\"potentialAction\":[{\"@type\":\"SearchAction\",\"target\":{\"@type\":\"EntryPoint\",\"urlTemplate\":\"https:\\\/\\\/mbf-evenementiel.fr\\\/?s={search_term_string}\"},\"query-input\":{\"@type\":\"PropertyValueSpecification\",\"valueRequired\":true,\"valueName\":\"search_term_string\"}}],\"inLanguage\":\"en-US\"},{\"@type\":\"Organization\",\"@id\":\"https:\\\/\\\/mbf-evenementiel.fr\\\/#organization\",\"name\":\"VTO\",\"url\":\"https:\\\/\\\/mbf-evenementiel.fr\\\/\",\"logo\":{\"@type\":\"ImageObject\",\"inLanguage\":\"en-US\",\"@id\":\"https:\\\/\\\/mbf-evenementiel.fr\\\/#\\\/schema\\\/logo\\\/image\\\/\",\"url\":\"https:\\\/\\\/mbf-evenementiel.fr\\\/wp-content\\\/uploads\\\/2025\\\/03\\\/vto-evenementiel-logo.png\",\"contentUrl\":\"https:\\\/\\\/mbf-evenementiel.fr\\\/wp-content\\\/uploads\\\/2025\\\/03\\\/vto-evenementiel-logo.png\",\"width\":407,\"height\":162,\"caption\":\"VTO\"},\"image\":{\"@id\":\"https:\\\/\\\/mbf-evenementiel.fr\\\/#\\\/schema\\\/logo\\\/image\\\/\"},\"sameAs\":[\"https:\\\/\\\/www.facebook.com\\\/mbf.evenementiel\\\/\"]}]}<\/script>\n<!-- \/ Yoast SEO plugin. -->","yoast_head_json":{"title":"Contact - VTO","description":"For all your requests and questions, do not hesitate to fill out this simple form. We will reply as soon as possible.","robots":{"index":"index","follow":"follow","max-snippet":"max-snippet:-1","max-image-preview":"max-image-preview:large","max-video-preview":"max-video-preview:-1"},"canonical":"https:\/\/mbf-evenementiel.fr\/en\/contact\/","og_locale":"en_US","og_type":"article","og_title":"Contact - VTO","og_description":"For all your requests and questions, do not hesitate to fill out this simple form. We will reply as soon as possible.","og_url":"https:\/\/mbf-evenementiel.fr\/en\/contact\/","og_site_name":"VTO","article_publisher":"https:\/\/www.facebook.com\/mbf.evenementiel\/","article_modified_time":"2025-07-08T11:32:44+00:00","og_image":[{"width":407,"height":162,"url":"https:\/\/mbf-evenementiel.fr\/wp-content\/uploads\/2025\/03\/vto-evenementiel-logo.png","type":"image\/png"}],"twitter_card":"summary_large_image","twitter_misc":{"Est. reading time":"1 minute"},"schema":{"@context":"https:\/\/schema.org","@graph":[{"@type":"WebPage","@id":"https:\/\/mbf-evenementiel.fr\/en\/contact\/","url":"https:\/\/mbf-evenementiel.fr\/en\/contact\/","name":"Contact - VTO","isPartOf":{"@id":"https:\/\/mbf-evenementiel.fr\/#website"},"primaryImageOfPage":{"@id":"https:\/\/mbf-evenementiel.fr\/en\/contact\/#primaryimage"},"image":{"@id":"https:\/\/mbf-evenementiel.fr\/en\/contact\/#primaryimage"},"thumbnailUrl":"https:\/\/mbf-evenementiel.fr\/wp-content\/uploads\/2025\/03\/vto-evenementiel-logo.png","datePublished":"2023-04-25T14:48:39+00:00","dateModified":"2025-07-08T11:32:44+00:00","description":"For all your requests and questions, do not hesitate to fill out this simple form. We will reply as soon as possible.","inLanguage":"en-US","potentialAction":[{"@type":"ReadAction","target":["https:\/\/mbf-evenementiel.fr\/en\/contact\/"]}]},{"@type":"ImageObject","inLanguage":"en-US","@id":"https:\/\/mbf-evenementiel.fr\/en\/contact\/#primaryimage","url":"https:\/\/mbf-evenementiel.fr\/wp-content\/uploads\/2025\/03\/vto-evenementiel-logo.png","contentUrl":"https:\/\/mbf-evenementiel.fr\/wp-content\/uploads\/2025\/03\/vto-evenementiel-logo.png"},{"@type":"WebSite","@id":"https:\/\/mbf-evenementiel.fr\/#website","url":"https:\/\/mbf-evenementiel.fr\/","name":"VTO","description":"Agence \u00e9v\u00e8nementiel","publisher":{"@id":"https:\/\/mbf-evenementiel.fr\/#organization"},"potentialAction":[{"@type":"SearchAction","target":{"@type":"EntryPoint","urlTemplate":"https:\/\/mbf-evenementiel.fr\/?s={search_term_string}"},"query-input":{"@type":"PropertyValueSpecification","valueRequired":true,"valueName":"search_term_string"}}],"inLanguage":"en-US"},{"@type":"Organization","@id":"https:\/\/mbf-evenementiel.fr\/#organization","name":"VTO","url":"https:\/\/mbf-evenementiel.fr\/","logo":{"@type":"ImageObject","inLanguage":"en-US","@id":"https:\/\/mbf-evenementiel.fr\/#\/schema\/logo\/image\/","url":"https:\/\/mbf-evenementiel.fr\/wp-content\/uploads\/2025\/03\/vto-evenementiel-logo.png","contentUrl":"https:\/\/mbf-evenementiel.fr\/wp-content\/uploads\/2025\/03\/vto-evenementiel-logo.png","width":407,"height":162,"caption":"VTO"},"image":{"@id":"https:\/\/mbf-evenementiel.fr\/#\/schema\/logo\/image\/"},"sameAs":["https:\/\/www.facebook.com\/mbf.evenementiel\/"]}]}},"_links":{"self":[{"href":"https:\/\/mbf-evenementiel.fr\/en\/wp-json\/wp\/v2\/pages\/28261","targetHints":{"allow":["GET"]}}],"collection":[{"href":"https:\/\/mbf-evenementiel.fr\/en\/wp-json\/wp\/v2\/pages"}],"about":[{"href":"https:\/\/mbf-evenementiel.fr\/en\/wp-json\/wp\/v2\/types\/page"}],"author":[{"embeddable":true,"href":"https:\/\/mbf-evenementiel.fr\/en\/wp-json\/wp\/v2\/users\/2"}],"replies":[{"embeddable":true,"href":"https:\/\/mbf-evenementiel.fr\/en\/wp-json\/wp\/v2\/comments?post=28261"}],"version-history":[{"count":12,"href":"https:\/\/mbf-evenementiel.fr\/en\/wp-json\/wp\/v2\/pages\/28261\/revisions"}],"predecessor-version":[{"id":29467,"href":"https:\/\/mbf-evenementiel.fr\/en\/wp-json\/wp\/v2\/pages\/28261\/revisions\/29467"}],"wp:attachment":[{"href":"https:\/\/mbf-evenementiel.fr\/en\/wp-json\/wp\/v2\/media?parent=28261"}],"curies":[{"name":"wp","href":"https:\/\/api.w.org\/{rel}","templated":true}]}}